{"id":205,"date":"2019-05-01T12:32:35","date_gmt":"2019-05-01T10:32:35","guid":{"rendered":"https:\/\/www.camping-le-soleil.fr\/?page_id=205"},"modified":"2023-12-01T15:30:42","modified_gmt":"2023-12-01T14:30:42","slug":"campsite-argeles-sur-mer-environment-php","status":"publish","type":"page","link":"https:\/\/www.camping-le-soleil.fr\/en\/campsite-argeles-sur-mer-environment.php","title":{"rendered":"Environment"},"content":{"rendered":"\r\n<h2 class=\"wp-block-heading\">WORKING TOGETHER<\/h2>\r\n\r\n\r\n\r\n<p>At the Soleil camp site, we are constantly trying to do all that we can to protect the environment.\u00a0<br \/>Each one of us should and must behave in such a way as to preserve nature and show respect to others.\u00a0<br \/>We need you to participate in this collective effort.<\/p>\r\n\r\n\r\n\r\n<h2 class=\"wp-block-heading\">ENVIRONMENT<\/h2>\r\n\r\n\r\n\r\n<p>Water is precious &#8211; do not waste it (car washing is prohibited).\u00a0<br \/>Plants and trees are valuable \u2013 respect them (do not string washing lines between trees).\u00a0<br \/>Household rubbish, glass, plastic and other waste must be deposed in the appropriate containers in the car park at the entrance.\u00a0<br \/>A container for used batteries is available near reception.<br \/>The beach is cleaned every day from mid-June to mid-September; twice a week by the local authority and by our staff on the other days.<br \/>Chemical WC cassettes may only be emptied into the special emptying sinks provided in each sanitary building.<\/p>\r\n","protected":false},"excerpt":{"rendered":"<p>WORKING TOGETHER At the Soleil camp site, we are constantly trying to do all that we can to protect the environment.\u00a0Each one of us should and must behave in such a way as to preserve nature and show respect to others.\u00a0We need you to participate in this collective effort. ENVIRONMENT Water is precious &#8211; do [&hellip;]<\/p>\n","protected":false},"author":1,"featured_media":3277,"parent":194,"menu_order":6,"comment_status":"closed","ping_status":"closed","template":"","meta":{"_acf_changed":false,"footnotes":""},"class_list":["post-205","page","type-page","status-publish","has-post-thumbnail","hentry"],"acf":[],"yoast_head":"<!-- This site is optimized with the Yoast SEO plugin v27.3 - https:\/\/yoast.com\/product\/yoast-seo-wordpress\/ -->\n<title>Life on the camp site, let&#039;s preserve the environment together<\/title>\n<meta name=\"description\" content=\"Anxious to preserve the environment, the campsite Le Soleil in Argeles sur Mer has established an efficient system for sorting waste, water conservation and respect for nature.\" \/>\n<meta name=\"robots\" content=\"index, follow, max-snippet:-1, max-image-preview:large, max-video-preview:-1\" \/>\n<link rel=\"canonical\" href=\"https:\/\/www.camping-le-soleil.fr\/en\/campsite-argeles-sur-mer-environment.php\" \/>\n<meta property=\"og:locale\" content=\"en_US\" \/>\n<meta property=\"og:type\" content=\"article\" \/>\n<meta property=\"og:title\" content=\"Life on the camp site, let&#039;s preserve the environment together\" \/>\n<meta property=\"og:description\" content=\"Anxious to preserve the environment, the campsite Le Soleil in Argeles sur Mer has established an efficient system for sorting waste, water conservation and respect for nature.\" \/>\n<meta property=\"og:url\" content=\"https:\/\/www.camping-le-soleil.fr\/en\/campsite-argeles-sur-mer-environment.php\" \/>\n<meta property=\"og:site_name\" content=\"Camping Le Soleil\" \/>\n<meta property=\"article:modified_time\" content=\"2023-12-01T14:30:42+00:00\" \/>\n<meta property=\"og:image\" content=\"https:\/\/www.camping-le-soleil.fr\/wp-content\/uploads\/2019\/12\/argeles-environnement-camping-06.jpg\" \/>\n\t<meta property=\"og:image:width\" content=\"1024\" \/>\n\t<meta property=\"og:image:height\" content=\"512\" \/>\n\t<meta property=\"og:image:type\" content=\"image\/jpeg\" \/>\n<meta name=\"twitter:card\" content=\"summary_large_image\" \/>\n<meta name=\"twitter:label1\" content=\"Est. reading time\" \/>\n\t<meta name=\"twitter:data1\" content=\"1 minute\" \/>\n<script type=\"application\/ld+json\" class=\"yoast-schema-graph\">{\"@context\":\"https:\\\/\\\/schema.org\",\"@graph\":[{\"@type\":\"WebPage\",\"@id\":\"https:\\\/\\\/www.camping-le-soleil.fr\\\/en\\\/campsite-argeles-sur-mer-environment.php\",\"url\":\"https:\\\/\\\/www.camping-le-soleil.fr\\\/en\\\/campsite-argeles-sur-mer-environment.php\",\"name\":\"Life on the camp site, let's preserve the environment together\",\"isPartOf\":{\"@id\":\"https:\\\/\\\/www.camping-le-soleil.fr\\\/en\\\/#website\"},\"primaryImageOfPage\":{\"@id\":\"https:\\\/\\\/www.camping-le-soleil.fr\\\/en\\\/campsite-argeles-sur-mer-environment.php#primaryimage\"},\"image\":{\"@id\":\"https:\\\/\\\/www.camping-le-soleil.fr\\\/en\\\/campsite-argeles-sur-mer-environment.php#primaryimage\"},\"thumbnailUrl\":\"https:\\\/\\\/www.camping-le-soleil.fr\\\/wp-content\\\/uploads\\\/2019\\\/12\\\/argeles-environnement-camping-06.jpg\",\"datePublished\":\"2019-05-01T10:32:35+00:00\",\"dateModified\":\"2023-12-01T14:30:42+00:00\",\"description\":\"Anxious to preserve the environment, the campsite Le Soleil in Argeles sur Mer has established an efficient system for sorting waste, water conservation and respect for nature.\",\"breadcrumb\":{\"@id\":\"https:\\\/\\\/www.camping-le-soleil.fr\\\/en\\\/campsite-argeles-sur-mer-environment.php#breadcrumb\"},\"inLanguage\":\"en-US\",\"potentialAction\":[{\"@type\":\"ReadAction\",\"target\":[\"https:\\\/\\\/www.camping-le-soleil.fr\\\/en\\\/campsite-argeles-sur-mer-environment.php\"]}]},{\"@type\":\"ImageObject\",\"inLanguage\":\"en-US\",\"@id\":\"https:\\\/\\\/www.camping-le-soleil.fr\\\/en\\\/campsite-argeles-sur-mer-environment.php#primaryimage\",\"url\":\"https:\\\/\\\/www.camping-le-soleil.fr\\\/wp-content\\\/uploads\\\/2019\\\/12\\\/argeles-environnement-camping-06.jpg\",\"contentUrl\":\"https:\\\/\\\/www.camping-le-soleil.fr\\\/wp-content\\\/uploads\\\/2019\\\/12\\\/argeles-environnement-camping-06.jpg\",\"width\":1024,\"height\":512},{\"@type\":\"BreadcrumbList\",\"@id\":\"https:\\\/\\\/www.camping-le-soleil.fr\\\/en\\\/campsite-argeles-sur-mer-environment.php#breadcrumb\",\"itemListElement\":[{\"@type\":\"ListItem\",\"position\":1,\"name\":\"Camping Argel\u00e8s-sur-Mer\",\"item\":\"https:\\\/\\\/www.camping-le-soleil.fr\\\/en\"},{\"@type\":\"ListItem\",\"position\":2,\"name\":\"Life on the campsite\",\"item\":\"https:\\\/\\\/www.camping-le-soleil.fr\\\/en\\\/campsite-argeles-sur-mer-le-soleil.php\"},{\"@type\":\"ListItem\",\"position\":3,\"name\":\"Environment\"}]},{\"@type\":\"WebSite\",\"@id\":\"https:\\\/\\\/www.camping-le-soleil.fr\\\/en\\\/#website\",\"url\":\"https:\\\/\\\/www.camping-le-soleil.fr\\\/en\\\/\",\"name\":\"Camping Le Soleil\",\"description\":\"Camping 5 \u00e9toiles \u00e0 Argel\u00e8s sur Mer\",\"publisher\":{\"@id\":\"https:\\\/\\\/www.camping-le-soleil.fr\\\/en\\\/#organization\"},\"potentialAction\":[{\"@type\":\"SearchAction\",\"target\":{\"@type\":\"EntryPoint\",\"urlTemplate\":\"https:\\\/\\\/www.camping-le-soleil.fr\\\/en\\\/?s={search_term_string}\"},\"query-input\":{\"@type\":\"PropertyValueSpecification\",\"valueRequired\":true,\"valueName\":\"search_term_string\"}}],\"inLanguage\":\"en-US\"},{\"@type\":\"Organization\",\"@id\":\"https:\\\/\\\/www.camping-le-soleil.fr\\\/en\\\/#organization\",\"name\":\"Camping Soleil\",\"url\":\"https:\\\/\\\/www.camping-le-soleil.fr\\\/en\\\/\",\"logo\":{\"@type\":\"ImageObject\",\"inLanguage\":\"en-US\",\"@id\":\"https:\\\/\\\/www.camping-le-soleil.fr\\\/en\\\/#\\\/schema\\\/logo\\\/image\\\/\",\"url\":\"https:\\\/\\\/www.camping-le-soleil.fr\\\/wp-content\\\/uploads\\\/2019\\\/08\\\/icon.png\",\"contentUrl\":\"https:\\\/\\\/www.camping-le-soleil.fr\\\/wp-content\\\/uploads\\\/2019\\\/08\\\/icon.png\",\"width\":16,\"height\":16,\"caption\":\"Camping Soleil\"},\"image\":{\"@id\":\"https:\\\/\\\/www.camping-le-soleil.fr\\\/en\\\/#\\\/schema\\\/logo\\\/image\\\/\"}}]}<\/script>\n<!-- \/ Yoast SEO plugin. -->","yoast_head_json":{"title":"Life on the camp site, let's preserve the environment together","description":"Anxious to preserve the environment, the campsite Le Soleil in Argeles sur Mer has established an efficient system for sorting waste, water conservation and respect for nature.","robots":{"index":"index","follow":"follow","max-snippet":"max-snippet:-1","max-image-preview":"max-image-preview:large","max-video-preview":"max-video-preview:-1"},"canonical":"https:\/\/www.camping-le-soleil.fr\/en\/campsite-argeles-sur-mer-environment.php","og_locale":"en_US","og_type":"article","og_title":"Life on the camp site, let's preserve the environment together","og_description":"Anxious to preserve the environment, the campsite Le Soleil in Argeles sur Mer has established an efficient system for sorting waste, water conservation and respect for nature.","og_url":"https:\/\/www.camping-le-soleil.fr\/en\/campsite-argeles-sur-mer-environment.php","og_site_name":"Camping Le Soleil","article_modified_time":"2023-12-01T14:30:42+00:00","og_image":[{"width":1024,"height":512,"url":"https:\/\/www.camping-le-soleil.fr\/wp-content\/uploads\/2019\/12\/argeles-environnement-camping-06.jpg","type":"image\/jpeg"}],"twitter_card":"summary_large_image","twitter_misc":{"Est. reading time":"1 minute"},"schema":{"@context":"https:\/\/schema.org","@graph":[{"@type":"WebPage","@id":"https:\/\/www.camping-le-soleil.fr\/en\/campsite-argeles-sur-mer-environment.php","url":"https:\/\/www.camping-le-soleil.fr\/en\/campsite-argeles-sur-mer-environment.php","name":"Life on the camp site, let's preserve the environment together","isPartOf":{"@id":"https:\/\/www.camping-le-soleil.fr\/en\/#website"},"primaryImageOfPage":{"@id":"https:\/\/www.camping-le-soleil.fr\/en\/campsite-argeles-sur-mer-environment.php#primaryimage"},"image":{"@id":"https:\/\/www.camping-le-soleil.fr\/en\/campsite-argeles-sur-mer-environment.php#primaryimage"},"thumbnailUrl":"https:\/\/www.camping-le-soleil.fr\/wp-content\/uploads\/2019\/12\/argeles-environnement-camping-06.jpg","datePublished":"2019-05-01T10:32:35+00:00","dateModified":"2023-12-01T14:30:42+00:00","description":"Anxious to preserve the environment, the campsite Le Soleil in Argeles sur Mer has established an efficient system for sorting waste, water conservation and respect for nature.","breadcrumb":{"@id":"https:\/\/www.camping-le-soleil.fr\/en\/campsite-argeles-sur-mer-environment.php#breadcrumb"},"inLanguage":"en-US","potentialAction":[{"@type":"ReadAction","target":["https:\/\/www.camping-le-soleil.fr\/en\/campsite-argeles-sur-mer-environment.php"]}]},{"@type":"ImageObject","inLanguage":"en-US","@id":"https:\/\/www.camping-le-soleil.fr\/en\/campsite-argeles-sur-mer-environment.php#primaryimage","url":"https:\/\/www.camping-le-soleil.fr\/wp-content\/uploads\/2019\/12\/argeles-environnement-camping-06.jpg","contentUrl":"https:\/\/www.camping-le-soleil.fr\/wp-content\/uploads\/2019\/12\/argeles-environnement-camping-06.jpg","width":1024,"height":512},{"@type":"BreadcrumbList","@id":"https:\/\/www.camping-le-soleil.fr\/en\/campsite-argeles-sur-mer-environment.php#breadcrumb","itemListElement":[{"@type":"ListItem","position":1,"name":"Camping Argel\u00e8s-sur-Mer","item":"https:\/\/www.camping-le-soleil.fr\/en"},{"@type":"ListItem","position":2,"name":"Life on the campsite","item":"https:\/\/www.camping-le-soleil.fr\/en\/campsite-argeles-sur-mer-le-soleil.php"},{"@type":"ListItem","position":3,"name":"Environment"}]},{"@type":"WebSite","@id":"https:\/\/www.camping-le-soleil.fr\/en\/#website","url":"https:\/\/www.camping-le-soleil.fr\/en\/","name":"Camping Le Soleil","description":"Camping 5 \u00e9toiles \u00e0 Argel\u00e8s sur Mer","publisher":{"@id":"https:\/\/www.camping-le-soleil.fr\/en\/#organization"},"potentialAction":[{"@type":"SearchAction","target":{"@type":"EntryPoint","urlTemplate":"https:\/\/www.camping-le-soleil.fr\/en\/?s={search_term_string}"},"query-input":{"@type":"PropertyValueSpecification","valueRequired":true,"valueName":"search_term_string"}}],"inLanguage":"en-US"},{"@type":"Organization","@id":"https:\/\/www.camping-le-soleil.fr\/en\/#organization","name":"Camping Soleil","url":"https:\/\/www.camping-le-soleil.fr\/en\/","logo":{"@type":"ImageObject","inLanguage":"en-US","@id":"https:\/\/www.camping-le-soleil.fr\/en\/#\/schema\/logo\/image\/","url":"https:\/\/www.camping-le-soleil.fr\/wp-content\/uploads\/2019\/08\/icon.png","contentUrl":"https:\/\/www.camping-le-soleil.fr\/wp-content\/uploads\/2019\/08\/icon.png","width":16,"height":16,"caption":"Camping Soleil"},"image":{"@id":"https:\/\/www.camping-le-soleil.fr\/en\/#\/schema\/logo\/image\/"}}]}},"featured_image_src":"https:\/\/www.camping-le-soleil.fr\/wp-content\/uploads\/2019\/12\/argeles-environnement-camping-06-600x400.jpg","featured_image_src_square":"https:\/\/www.camping-le-soleil.fr\/wp-content\/uploads\/2019\/12\/argeles-environnement-camping-06-600x512.jpg","_links":{"self":[{"href":"https:\/\/www.camping-le-soleil.fr\/en\/wp-json\/wp\/v2\/pages\/205","targetHints":{"allow":["GET"]}}],"collection":[{"href":"https:\/\/www.camping-le-soleil.fr\/en\/wp-json\/wp\/v2\/pages"}],"about":[{"href":"https:\/\/www.camping-le-soleil.fr\/en\/wp-json\/wp\/v2\/types\/page"}],"author":[{"embeddable":true,"href":"https:\/\/www.camping-le-soleil.fr\/en\/wp-json\/wp\/v2\/users\/1"}],"replies":[{"embeddable":true,"href":"https:\/\/www.camping-le-soleil.fr\/en\/wp-json\/wp\/v2\/comments?post=205"}],"version-history":[{"count":0,"href":"https:\/\/www.camping-le-soleil.fr\/en\/wp-json\/wp\/v2\/pages\/205\/revisions"}],"up":[{"embeddable":true,"href":"https:\/\/www.camping-le-soleil.fr\/en\/wp-json\/wp\/v2\/pages\/194"}],"wp:featuredmedia":[{"embeddable":true,"href":"https:\/\/www.camping-le-soleil.fr\/en\/wp-json\/wp\/v2\/media\/3277"}],"wp:attachment":[{"href":"https:\/\/www.camping-le-soleil.fr\/en\/wp-json\/wp\/v2\/media?parent=205"}],"curies":[{"name":"wp","href":"https:\/\/api.w.org\/{rel}","templated":true}]}}